{"id":11,"date":"2024-09-27T20:02:09","date_gmt":"2024-09-27T20:02:09","guid":{"rendered":"https:\/\/culturalallianceforthepresentationofthearts.org\/?page_id=11"},"modified":"2024-12-16T16:11:25","modified_gmt":"2024-12-16T16:11:25","slug":"home","status":"publish","type":"page","link":"https:\/\/culturalallianceforthepresentationofthearts.org\/es\/","title":{"rendered":"Inicio"},"content":{"rendered":"<div data-elementor-type=\"wp-page\" data-elementor-id=\"11\" class=\"elementor elementor-11\">\n\t\t\t\t<div class=\"elementor-element elementor-element-86c32f6 e-con-full e-flex e-con e-parent\" data-id=\"86c32f6\" data-element_type=\"container\" data-e-type=\"container\" data-settings=\"{&quot;background_background&quot;:&quot;classic&quot;}\">\n\t\t<div class=\"elementor-element elementor-element-c7c13ba e-con-full e-flex e-con e-child\" data-id=\"c7c13ba\" data-element_type=\"container\" data-e-type=\"container\">\n\t\t\t\t<div class=\"elementor-element elementor-element-c467adf elementor-widget__width-initial elementor-invisible elementor-widget elementor-widget-heading\" data-id=\"c467adf\" data-element_type=\"widget\" data-e-type=\"widget\" data-settings=\"{&quot;_animation&quot;:&quot;fadeInDown&quot;}\" data-widget_type=\"heading.default\">\n\t\t\t\t<div class=\"elementor-widget-container\">\n\t\t\t\t\t<h2 class=\"elementor-heading-title elementor-size-default\">ALIANZA CULTURAL PARA LA PRESENTACI\u00d3N DE LAS ARTES<\/h2>\t\t\t\t<\/div>\n\t\t\t\t<\/div>\n\t\t\t\t<div class=\"elementor-element elementor-element-babc312 elementor-widget-divider--view-line elementor-widget elementor-widget-divider\" data-id=\"babc312\" data-element_type=\"widget\" data-e-type=\"widget\" data-widget_type=\"divider.default\">\n\t\t\t\t<div class=\"elementor-widget-container\">\n\t\t\t\t\t\t\t<div class=\"elementor-divider\">\n\t\t\t<span class=\"elementor-divider-separator\">\n\t\t\t\t\t\t<\/span>\n\t\t<\/div>\n\t\t\t\t\t\t<\/div>\n\t\t\t\t<\/div>\n\t\t\t\t<div class=\"elementor-element elementor-element-abc4b2d elementor-widget elementor-widget-heading\" data-id=\"abc4b2d\" data-element_type=\"widget\" data-e-type=\"widget\" data-widget_type=\"heading.default\">\n\t\t\t\t<div class=\"elementor-widget-container\">\n\t\t\t\t\t<h2 class=\"elementor-heading-title elementor-size-default\">ARTE CON UNA MISI\u00d3N<\/h2>\t\t\t\t<\/div>\n\t\t\t\t<\/div>\n\t\t\t\t<div class=\"elementor-element elementor-element-ecd4848 elementor-widget elementor-widget-text-editor\" data-id=\"ecd4848\" data-element_type=\"widget\" data-e-type=\"widget\" data-widget_type=\"text-editor.default\">\n\t\t\t\t<div class=\"elementor-widget-container\">\n\t\t\t\t\t\t\t\t\t<div dir=\"auto\" data-olk-copy-source=\"MessageBody\">En la Alianza Cultural para la Presentaci\u00f3n de las Artes, creemos en el poder transformador de la cultura y la creatividad. Nuestras iniciativas no solo celebran la expresi\u00f3n art\u00edstica, sino que tambi\u00e9n fomentan la colaboraci\u00f3n entre comunidades diversas. Al apoyar a artistas y organizaciones locales, creamos espacios vibrantes donde la creatividad prospera y el di\u00e1logo cultural florece.<\/div>\n<div dir=\"auto\">Nuestros programas ofrecen oportunidades invaluables para que sus clientes interact\u00faen con las artes, ya sea a trav\u00e9s de talleres, presentaciones o eventos comunitarios. Esta participaci\u00f3n no solo enriquece las vidas, sino que tambi\u00e9n fortalece los v\u00ednculos comunitarios e impulsa el desarrollo econ\u00f3mico. Al asociarse con nosotros, sus clientes pueden acceder a experiencias \u00fanicas que inspiran, educan y conectan.<\/div>\n<div dir=\"auto\">\u00danase a nosotros para defender las artes como un componente vital de una sociedad pr\u00f3spera. Juntos, podemos mejorar las experiencias culturales que resuenan profundamente y dejan un impacto duradero.<\/div>\n<div dir=\"auto\">Aqu\u00ed en nuestra Ciudad de Miami Florida, Usa, Con nuestro proyecto social y cultural hacemos una alianza cultural para preservar nuestro Planeta. El esposo y la esposa Armando Alvarez y Angela Esquivel son amantes apasionados de las artes y la naturaleza. Durante d\u00e9cadas han apoyado las artes. En 2015 crearon \u201cEl Paseo de las artes\u201d, un exitoso complejo teatral y cultural que durante a\u00f1os realiz\u00f3 producciones y eventos dedicados a beneficiar a los perros y gatos sin hogar. Habiendo sido vecinos de al lado de los \u201cMiami Dade Animal Shelter Services\u201d vimos de primera mano el gran problema de los animales abandonados. Para ayudar a esta causa creamos \u201cCultural Alliance for the Presentation of the Arts\u201d una organizaci\u00f3n sin fines de lucro 501 C3. Nos hemos autofinanciado desde entonces. Creamos el Santuario \u201cAngels Real Love\u201d donde brindamos un hogar a animales viejos ciegos y enfermos, as\u00ed como tambi\u00e9n acogemos j\u00f3venes para su adopci\u00f3n. Realizar eventos con artistas y creadores de contenido para promover las adopciones, siendo proactivos, para encontrar hogares definitivos para estos animales \u201cArte con una Misi\u00f3n\u201d queremos trabajar con nuestra comunidad para que esto se convierta en un problema de salud sanitaria para todos nosotros. Queremos llevar el mensaje de educar, inspirar y crear conciencia de ser parte de la soluci\u00f3n, invitando a la comunidad a \u201cadoptar no comprar\u201d con una \u201cadopci\u00f3n responsable\u201d en este momento nuestro planeta necesita ayuda, invitamos a todos a cambiar su relaci\u00f3n con la naturaleza para unirse a nuestra causa para promover el cambio.<span style=\"font-family: var(--theme-font-family); font-style: var(--theme-font-style, inherit); font-variant-caps: inherit; letter-spacing: var(--theme-letter-spacing); text-transform: var(--theme-text-transform); text-decoration: var(--theme-text-decoration);\">Empieza con peque\u00f1as acciones y ay\u00fadanos a limpiar nuestras calles y oc\u00e9anos, porque en \u201cDe Paseo por la Vida\u201d nuestro movimiento para limpiar pl\u00e1sticos y materiales residuales, reciclar, reutilizar, trabajamos con artistas y creadores de contenido para una econom\u00eda circular y de moda. Es importante que ayudemos a nuestro hermoso planeta \u201cViva la Vida y Vive la Vida\u201d&nbsp;<\/span><\/div>\n<div>\u00danase a nosotros para defender las artes como un componente vital de una sociedad pr\u00f3spera. Juntos, podemos mejorar las experiencias culturales que resuenan profundamente y dejan un impacto duradero.<\/div>\n<div>Aqu\u00ed en nuestra Ciudad de Miami Florida, Usa, Con nuestro proyecto social y cultural hacemos una alianza cultural para preservar nuestro Planeta.<\/div>\t\t\t\t\t\t\t\t<\/div>\n\t\t\t\t<\/div>\n\t\t\t\t<\/div>\n\t\t<div class=\"elementor-element elementor-element-33c48ee e-con-full e-flex e-con e-child\" data-id=\"33c48ee\" data-element_type=\"container\" data-e-type=\"container\">\n\t\t\t\t<\/div>\n\t\t\t\t<\/div>\n\t\t<div class=\"elementor-element elementor-element-b1d9d41 e-flex e-con-boxed e-con e-parent\" data-id=\"b1d9d41\" data-element_type=\"container\" data-e-type=\"container\">\n\t\t\t\t\t<div class=\"e-con-inner\">\n\t\t\t\t<div class=\"elementor-element elementor-element-846e9bd elementor-widget elementor-widget-heading\" data-id=\"846e9bd\" data-element_type=\"widget\" data-e-type=\"widget\" data-widget_type=\"heading.default\">\n\t\t\t\t<div class=\"elementor-widget-container\">\n\t\t\t\t\t<h2 class=\"elementor-heading-title elementor-size-default\">Nuestra fundaci\u00f3n 501C3 es una organizaci\u00f3n sin fines de lucro que creamos siguiendo el prop\u00f3sito de educar, motivar y concientizar a trav\u00e9s del arte en nuestra comunidad para prevenir la crueldad animal y el da\u00f1o a nuestros recursos naturales en nuestro planeta, es un proyecto social y cultural de caridad en el que trabajamos los 7 d\u00edas de la semana muy motivados por un mundo mejor. Alianza Cultural para la Presentaci\u00f3n de las Artes es una alianza de culturas para preservar nuestro planeta. Para nuestro objetivo contamos con 3 DBAs.<\/h2>\t\t\t\t<\/div>\n\t\t\t\t<\/div>\n\t\t\t\t\t<\/div>\n\t\t\t\t<\/div>\n\t\t<div class=\"elementor-element elementor-element-35a84e9 e-flex e-con-boxed e-con e-parent\" data-id=\"35a84e9\" data-element_type=\"container\" data-e-type=\"container\">\n\t\t\t\t\t<div class=\"e-con-inner\">\n\t\t<div class=\"elementor-element elementor-element-7bbe7bb e-con-full e-flex e-con e-child\" data-id=\"7bbe7bb\" data-element_type=\"container\" data-e-type=\"container\">\n\t\t\t\t<div class=\"elementor-element elementor-element-bfdff56 elementor-widget elementor-widget-image\" data-id=\"bfdff56\" data-element_type=\"widget\" data-e-type=\"widget\" data-widget_type=\"image.default\">\n\t\t\t\t<div class=\"elementor-widget-container\">\n\t\t\t\t\t\t\t\t\t\t\t\t\t\t\t<img fetchpriority=\"high\" decoding=\"async\" width=\"1024\" height=\"945\" src=\"https:\/\/culturalallianceforthepresentationofthearts.org\/wp-content\/uploads\/2024\/10\/angelsreallove-logo.png\" class=\"attachment-large size-large wp-image-82\" alt=\"\" srcset=\"https:\/\/culturalallianceforthepresentationofthearts.org\/wp-content\/uploads\/2024\/10\/angelsreallove-logo.png 1024w, https:\/\/culturalallianceforthepresentationofthearts.org\/wp-content\/uploads\/2024\/10\/angelsreallove-logo-300x277.png 300w, https:\/\/culturalallianceforthepresentationofthearts.org\/wp-content\/uploads\/2024\/10\/angelsreallove-logo-768x709.png 768w\" sizes=\"(max-width: 1024px) 100vw, 1024px\" \/>\t\t\t\t\t\t\t\t\t\t\t\t\t\t\t<\/div>\n\t\t\t\t<\/div>\n\t\t\t\t<div class=\"elementor-element elementor-element-4098672 elementor-widget elementor-widget-button\" data-id=\"4098672\" data-element_type=\"widget\" data-e-type=\"widget\" data-widget_type=\"button.default\">\n\t\t\t\t<div class=\"elementor-widget-container\">\n\t\t\t\t\t\t\t\t\t<div class=\"elementor-button-wrapper\">\n\t\t\t\t\t<a class=\"elementor-button elementor-button-link elementor-size-sm\" href=\"https:\/\/angelsreallove.org\/\">\n\t\t\t\t\t\t<span class=\"elementor-button-content-wrapper\">\n\t\t\t\t\t\t\t\t\t<span class=\"elementor-button-text\">Angels Real Love<\/span>\n\t\t\t\t\t<\/span>\n\t\t\t\t\t<\/a>\n\t\t\t\t<\/div>\n\t\t\t\t\t\t\t\t<\/div>\n\t\t\t\t<\/div>\n\t\t\t\t<\/div>\n\t\t<div class=\"elementor-element elementor-element-aa9c67c e-con-full e-flex e-con e-child\" data-id=\"aa9c67c\" data-element_type=\"container\" data-e-type=\"container\">\n\t\t\t\t<div class=\"elementor-element elementor-element-d22a43f elementor-widget elementor-widget-image\" data-id=\"d22a43f\" data-element_type=\"widget\" data-e-type=\"widget\" data-widget_type=\"image.default\">\n\t\t\t\t<div class=\"elementor-widget-container\">\n\t\t\t\t\t\t\t\t\t\t\t\t\t\t\t<img decoding=\"async\" width=\"284\" height=\"128\" src=\"https:\/\/culturalallianceforthepresentationofthearts.org\/wp-content\/uploads\/2024\/10\/depaseoporlavida-logo.jpg\" class=\"attachment-large size-large wp-image-87\" alt=\"\" \/>\t\t\t\t\t\t\t\t\t\t\t\t\t\t\t<\/div>\n\t\t\t\t<\/div>\n\t\t\t\t<div class=\"elementor-element elementor-element-643a211 elementor-widget elementor-widget-button\" data-id=\"643a211\" data-element_type=\"widget\" data-e-type=\"widget\" data-widget_type=\"button.default\">\n\t\t\t\t<div class=\"elementor-widget-container\">\n\t\t\t\t\t\t\t\t\t<div class=\"elementor-button-wrapper\">\n\t\t\t\t\t<a class=\"elementor-button elementor-button-link elementor-size-sm\" href=\"https:\/\/depaseoporlavida.org\/\">\n\t\t\t\t\t\t<span class=\"elementor-button-content-wrapper\">\n\t\t\t\t\t\t\t\t\t<span class=\"elementor-button-text\">De Paseo Por La Vida<\/span>\n\t\t\t\t\t<\/span>\n\t\t\t\t\t<\/a>\n\t\t\t\t<\/div>\n\t\t\t\t\t\t\t\t<\/div>\n\t\t\t\t<\/div>\n\t\t\t\t<\/div>\n\t\t<div class=\"elementor-element elementor-element-8af0fa1 e-con-full e-flex e-con e-child\" data-id=\"8af0fa1\" data-element_type=\"container\" data-e-type=\"container\">\n\t\t\t\t<div class=\"elementor-element elementor-element-0bf27e4 elementor-widget elementor-widget-image\" data-id=\"0bf27e4\" data-element_type=\"widget\" data-e-type=\"widget\" data-widget_type=\"image.default\">\n\t\t\t\t<div class=\"elementor-widget-container\">\n\t\t\t\t\t\t\t\t\t\t\t\t\t\t\t<img decoding=\"async\" width=\"1024\" height=\"559\" src=\"https:\/\/culturalallianceforthepresentationofthearts.org\/wp-content\/uploads\/2024\/11\/VIVALAVIDA-1-1024x559.png\" class=\"attachment-large size-large wp-image-153\" alt=\"\" srcset=\"https:\/\/culturalallianceforthepresentationofthearts.org\/wp-content\/uploads\/2024\/11\/VIVALAVIDA-1-1024x559.png 1024w, https:\/\/culturalallianceforthepresentationofthearts.org\/wp-content\/uploads\/2024\/11\/VIVALAVIDA-1-300x164.png 300w, https:\/\/culturalallianceforthepresentationofthearts.org\/wp-content\/uploads\/2024\/11\/VIVALAVIDA-1-768x420.png 768w, https:\/\/culturalallianceforthepresentationofthearts.org\/wp-content\/uploads\/2024\/11\/VIVALAVIDA-1-1536x839.png 1536w, https:\/\/culturalallianceforthepresentationofthearts.org\/wp-content\/uploads\/2024\/11\/VIVALAVIDA-1-2048x1119.png 2048w\" sizes=\"(max-width: 1024px) 100vw, 1024px\" \/>\t\t\t\t\t\t\t\t\t\t\t\t\t\t\t<\/div>\n\t\t\t\t<\/div>\n\t\t\t\t<div class=\"elementor-element elementor-element-5ef48db elementor-widget elementor-widget-button\" data-id=\"5ef48db\" data-element_type=\"widget\" data-e-type=\"widget\" data-widget_type=\"button.default\">\n\t\t\t\t<div class=\"elementor-widget-container\">\n\t\t\t\t\t\t\t\t\t<div class=\"elementor-button-wrapper\">\n\t\t\t\t\t<a class=\"elementor-button elementor-size-sm\" role=\"button\">\n\t\t\t\t\t\t<span class=\"elementor-button-content-wrapper\">\n\t\t\t\t\t\t\t\t\t<span class=\"elementor-button-text\">Viva La Vida y Vive La Vida<\/span>\n\t\t\t\t\t<\/span>\n\t\t\t\t\t<\/a>\n\t\t\t\t<\/div>\n\t\t\t\t\t\t\t\t<\/div>\n\t\t\t\t<\/div>\n\t\t\t\t<\/div>\n\t\t\t\t\t<\/div>\n\t\t\t\t<\/div>\n\t\t\t\t<\/div>","protected":false},"excerpt":{"rendered":"<p>CULTURAL ALLIANCE FOR THE PRESENTATION OF THE ARTS ART WITH A MISSION At Cultural Alliance for the Presentation of the Arts, we believe in the transformative power of culture and creativity. Our initiatives not only celebrate artistic expression but also foster collaboration among diverse communities. By supporting local artists and organizations, we create vibrant spaces [&hellip;]<\/p>\n","protected":false},"author":1,"featured_media":0,"parent":0,"menu_order":0,"comment_status":"closed","ping_status":"closed","template":"elementor_header_footer","meta":{"_coblocks_attr":"","_coblocks_dimensions":"","_coblocks_responsive_height":"","_coblocks_accordion_ie_support":"","footnotes":""},"class_list":["post-11","page","type-page","status-publish","hentry"],"blocksy_meta":{"has_hero_section":"disabled","styles_descriptor":{"styles":{"desktop":"","tablet":"","mobile":""},"google_fonts":[],"version":6}},"_links":{"self":[{"href":"https:\/\/culturalallianceforthepresentationofthearts.org\/es\/wp-json\/wp\/v2\/pages\/11","targetHints":{"allow":["GET"]}}],"collection":[{"href":"https:\/\/culturalallianceforthepresentationofthearts.org\/es\/wp-json\/wp\/v2\/pages"}],"about":[{"href":"https:\/\/culturalallianceforthepresentationofthearts.org\/es\/wp-json\/wp\/v2\/types\/page"}],"author":[{"embeddable":true,"href":"https:\/\/culturalallianceforthepresentationofthearts.org\/es\/wp-json\/wp\/v2\/users\/1"}],"replies":[{"embeddable":true,"href":"https:\/\/culturalallianceforthepresentationofthearts.org\/es\/wp-json\/wp\/v2\/comments?post=11"}],"version-history":[{"count":58,"href":"https:\/\/culturalallianceforthepresentationofthearts.org\/es\/wp-json\/wp\/v2\/pages\/11\/revisions"}],"predecessor-version":[{"id":175,"href":"https:\/\/culturalallianceforthepresentationofthearts.org\/es\/wp-json\/wp\/v2\/pages\/11\/revisions\/175"}],"wp:attachment":[{"href":"https:\/\/culturalallianceforthepresentationofthearts.org\/es\/wp-json\/wp\/v2\/media?parent=11"}],"curies":[{"name":"wp","href":"https:\/\/api.w.org\/{rel}","templated":true}]}}